{"id":3410,"date":"2024-02-08T12:05:53","date_gmt":"2024-02-08T12:05:53","guid":{"rendered":"https:\/\/startersites.io\/elementor\/garderobe\/?page_id=3410"},"modified":"2026-02-04T18:22:38","modified_gmt":"2026-02-04T18:22:38","slug":"contact","status":"publish","type":"page","link":"https:\/\/vesibella.com\/?page_id=3410","title":{"rendered":"\u0130LET\u0130\u015e\u0130M"},"content":{"rendered":"\t\t<div data-elementor-type=\"wp-page\" data-elementor-id=\"3410\" class=\"elementor elementor-3410\" data-elementor-post-type=\"page\">\n\t\t\t\t<div class=\"elementor-element elementor-element-619ae68 e-flex e-con-boxed e-con e-parent\" data-id=\"619ae68\" data-element_type=\"container\" data-e-type=\"container\" data-settings=\"{&quot;background_background&quot;:&quot;classic&quot;}\">\n\t\t\t\t\t<div class=\"e-con-inner\">\n\t\t\t\t<div class=\"elementor-element elementor-element-7dbadcf elementor-widget elementor-widget-heading\" data-id=\"7dbadcf\" data-element_type=\"widget\" data-e-type=\"widget\" data-widget_type=\"heading.default\">\n\t\t\t\t\t<h2 class=\"elementor-heading-title elementor-size-default\">\u0130LET\u0130\u015e\u0130M<\/h2>\t\t\t\t<\/div>\n\t\t\t\t\t<\/div>\n\t\t\t\t<\/div>\n\t\t<div class=\"elementor-element elementor-element-752f965 e-flex e-con-boxed e-con e-parent\" data-id=\"752f965\" data-element_type=\"container\" data-e-type=\"container\">\n\t\t\t\t\t<div class=\"e-con-inner\">\n\t\t<div class=\"elementor-element elementor-element-935d353 e-con-full e-flex e-con e-child\" data-id=\"935d353\" data-element_type=\"container\" data-e-type=\"container\" data-settings=\"{&quot;background_background&quot;:&quot;classic&quot;}\">\n\t\t\t\t<div class=\"elementor-element elementor-element-cffe25a elementor-widget elementor-widget-image\" data-id=\"cffe25a\" data-element_type=\"widget\" data-e-type=\"widget\" data-widget_type=\"image.default\">\n\t\t\t\t\t\t\t\t\t\t\t\t\t\t\t<img fetchpriority=\"high\" decoding=\"async\" width=\"800\" height=\"1192\" src=\"https:\/\/vesibella.com\/wp-content\/uploads\/2021\/12\/contact-us-image_optimized.webp\" class=\"attachment-full size-full wp-image-293\" alt=\"\" srcset=\"https:\/\/vesibella.com\/wp-content\/uploads\/2021\/12\/contact-us-image_optimized.webp 800w, https:\/\/vesibella.com\/wp-content\/uploads\/2021\/12\/contact-us-image_optimized-600x894.webp 600w, https:\/\/vesibella.com\/wp-content\/uploads\/2021\/12\/contact-us-image_optimized-300x447.webp 300w, https:\/\/vesibella.com\/wp-content\/uploads\/2021\/12\/contact-us-image_optimized-201x300.webp 201w, https:\/\/vesibella.com\/wp-content\/uploads\/2021\/12\/contact-us-image_optimized-687x1024.webp 687w, https:\/\/vesibella.com\/wp-content\/uploads\/2021\/12\/contact-us-image_optimized-768x1144.webp 768w\" sizes=\"(max-width: 800px) 100vw, 800px\" \/>\t\t\t\t\t\t\t\t\t\t\t\t\t\t\t<\/div>\n\t\t\t\t<\/div>\n\t\t<div class=\"elementor-element elementor-element-e03d36d e-con-full e-flex e-con e-child\" data-id=\"e03d36d\" data-element_type=\"container\" data-e-type=\"container\">\n\t\t\t\t<div class=\"elementor-element elementor-element-ba43009 elementor-widget elementor-widget-heading\" data-id=\"ba43009\" data-element_type=\"widget\" data-e-type=\"widget\" data-widget_type=\"heading.default\">\n\t\t\t\t\t<h2 class=\"elementor-heading-title elementor-size-default\">Bizimle \u0130leti\u015fime Ge\u00e7iniz..<\/h2>\t\t\t\t<\/div>\n\t\t\t\t<div class=\"elementor-element elementor-element-7ec596c elementor-widget elementor-widget-wpforms\" data-id=\"7ec596c\" data-element_type=\"widget\" data-e-type=\"widget\" data-widget_type=\"wpforms.default\">\n\t\t\t\t<div class=\"elementor-widget-container\">\n\t\t\t\t\t<div class=\"wpforms-container wpforms-render-modern\" id=\"wpforms-156\"><form id=\"wpforms-form-156\" class=\"wpforms-validate wpforms-form\" data-formid=\"156\" method=\"post\" enctype=\"multipart\/form-data\" action=\"\/index.php?rest_route=%2Fwp%2Fv2%2Fpages%2F3410\" data-token=\"347375f0f2bed48eef17efecd4dfaf89\" data-token-time=\"1776955472\"><noscript class=\"wpforms-error-noscript\">Bu formu bitirebilmek i\u00e7in taray\u0131c\u0131n\u0131zda JavaScript&#039;i etkinle\u015ftirin.<\/noscript><div id=\"wpforms-error-noscript\" style=\"display: none;\">Bu formu bitirebilmek i\u00e7in taray\u0131c\u0131n\u0131zda JavaScript&#039;i etkinle\u015ftirin.<\/div><div class=\"wpforms-field-container\"><div id=\"wpforms-156-field_0-container\" class=\"wpforms-field wpforms-field-name\" data-field-id=\"0\"><label class=\"wpforms-field-label\" for=\"wpforms-156-field_0\">Name <span class=\"wpforms-required-label\" aria-hidden=\"true\">*<\/span><\/label><input type=\"text\" id=\"wpforms-156-field_0\" class=\"wpforms-field-large wpforms-field-required\" name=\"wpforms[fields][0]\" aria-errormessage=\"wpforms-156-field_0-error\" required><\/div><div id=\"wpforms-156-field_4-container\" class=\"wpforms-field wpforms-field-text\" data-field-id=\"4\"><label class=\"wpforms-field-label\" for=\"wpforms-156-field_4\">Phone <span class=\"wpforms-required-label\" aria-hidden=\"true\">*<\/span><\/label><input type=\"text\" id=\"wpforms-156-field_4\" class=\"wpforms-field-large wpforms-field-required\" name=\"wpforms[fields][4]\" aria-errormessage=\"wpforms-156-field_4-error\" required><\/div><div id=\"wpforms-156-field_1-container\" class=\"wpforms-field wpforms-field-email\" data-field-id=\"1\"><label class=\"wpforms-field-label\" for=\"wpforms-156-field_1\">Email Address <span class=\"wpforms-required-label\" aria-hidden=\"true\">*<\/span><\/label><input type=\"email\" id=\"wpforms-156-field_1\" class=\"wpforms-field-large wpforms-field-required\" name=\"wpforms[fields][1]\" spellcheck=\"false\" aria-errormessage=\"wpforms-156-field_1-error\" required><\/div><div id=\"wpforms-156-field_2-container\" class=\"wpforms-field wpforms-field-textarea\" data-field-id=\"2\"><label class=\"wpforms-field-label\" for=\"wpforms-156-field_2\">Your Message <span class=\"wpforms-required-label\" aria-hidden=\"true\">*<\/span><\/label><textarea id=\"wpforms-156-field_2\" class=\"wpforms-field-medium wpforms-field-required\" name=\"wpforms[fields][2]\" aria-errormessage=\"wpforms-156-field_2-error\" required><\/textarea><\/div><\/div><!-- .wpforms-field-container --><div class=\"wpforms-submit-container\" ><input type=\"hidden\" name=\"wpforms[id]\" value=\"156\"><input type=\"hidden\" name=\"page_title\" value=\"\"><input type=\"hidden\" name=\"page_url\" value=\"https:\/\/vesibella.com\/index.php?rest_route=\/wp\/v2\/pages\/3410\"><input type=\"hidden\" name=\"url_referer\" value=\"\"><button type=\"submit\" name=\"wpforms[submit]\" id=\"wpforms-submit-156\" class=\"wpforms-submit\" data-alt-text=\"Sending...\" data-submit-text=\"Send Message\" aria-live=\"assertive\" value=\"wpforms-submit\">Send Message<\/button><\/div><\/form><\/div>  <!-- .wpforms-container -->\t\t\t\t<\/div>\n\t\t\t\t<\/div>\n\t\t\t\t<\/div>\n\t\t\t\t\t<\/div>\n\t\t\t\t<\/div>\n\t\t<div class=\"elementor-element elementor-element-d6bf36a e-flex e-con-boxed e-con e-parent\" data-id=\"d6bf36a\" data-element_type=\"container\" data-e-type=\"container\">\n\t\t\t\t\t<div class=\"e-con-inner\">\n\t\t<div class=\"elementor-element elementor-element-845e1d3 e-con-full e-flex e-con e-child\" data-id=\"845e1d3\" data-element_type=\"container\" data-e-type=\"container\">\n\t\t\t\t<div class=\"elementor-element elementor-element-62f1afd elementor-widget elementor-widget-text-editor\" data-id=\"62f1afd\" data-element_type=\"widget\" data-e-type=\"widget\" data-widget_type=\"text-editor.default\">\n\t\t\t\t\t\t\t\t\t<p>Check out latest products<\/p>\t\t\t\t\t\t\t\t<\/div>\n\t\t\t\t<div class=\"elementor-element elementor-element-4c3f6b5 elementor-widget elementor-widget-heading\" data-id=\"4c3f6b5\" data-element_type=\"widget\" data-e-type=\"widget\" data-widget_type=\"heading.default\">\n\t\t\t\t\t<h2 class=\"elementor-heading-title elementor-size-default\">YEN\u0130 GELENLER<\/h2>\t\t\t\t<\/div>\n\t\t\t\t<\/div>\n\t\t<div class=\"elementor-element elementor-element-d372007 e-con-full e-flex e-con e-child\" data-id=\"d372007\" data-element_type=\"container\" data-e-type=\"container\">\n\t\t\t\t<div class=\"elementor-element elementor-element-249917e elementor-align-right elementor-mobile-align-center elementor-widget elementor-widget-button\" data-id=\"249917e\" data-element_type=\"widget\" data-e-type=\"widget\" data-widget_type=\"button.default\">\n\t\t\t\t\t\t\t\t\t\t<a class=\"elementor-button elementor-button-link elementor-size-sm\" href=\"#\">\n\t\t\t\t\t\t<span class=\"elementor-button-content-wrapper\">\n\t\t\t\t\t\t\t\t\t<span class=\"elementor-button-text\">T\u00dcM\u00dcN\u00dc G\u00d6R<\/span>\n\t\t\t\t\t<\/span>\n\t\t\t\t\t<\/a>\n\t\t\t\t\t\t\t\t<\/div>\n\t\t\t\t<\/div>\n\t\t\t\t\t<\/div>\n\t\t\t\t<\/div>\n\t\t<div class=\"elementor-element elementor-element-52f0a3e e-flex e-con-boxed e-con e-parent\" data-id=\"52f0a3e\" data-element_type=\"container\" data-e-type=\"container\">\n\t\t\t\t\t<div class=\"e-con-inner\">\n\t\t\t\t<div class=\"elementor-element elementor-element-f2f036b elementor-widget-tablet__width-inherit elementor-widget elementor-widget-shortcode\" data-id=\"f2f036b\" data-element_type=\"widget\" data-e-type=\"widget\" data-widget_type=\"shortcode.default\">\n\t\t\t\t\t\t\t<div class=\"elementor-shortcode\"><div class=\"woocommerce columns-4 \"><ul class=\"products columns-4\" data-products=\"type-2\" data-hover=\"zoom-in\">\n<li class=\"product type-product post-3583 status-publish first instock product_cat-erkek product_cat-erkek-ceket product_cat-tum-urunler has-post-thumbnail taxable shipping-taxable purchasable product-type-variable\">\n\t<a href=\"https:\/\/vesibella.com\/?product=sota-koyukahve-erkek-deri-ceket\" class=\"woocommerce-LoopProduct-link woocommerce-loop-product__link\"><img decoding=\"async\" width=\"300\" height=\"300\" src=\"https:\/\/vesibella.com\/wp-content\/uploads\/2026\/02\/VYS1014KAHVERENGI2-300x300.jpg\" class=\"attachment-woocommerce_thumbnail size-woocommerce_thumbnail\" alt=\"ALEX KOYUKAHVE ERKEK DER\u0130 CEKET\" srcset=\"https:\/\/vesibella.com\/wp-content\/uploads\/2026\/02\/VYS1014KAHVERENGI2-300x300.jpg 300w, https:\/\/vesibella.com\/wp-content\/uploads\/2026\/02\/VYS1014KAHVERENGI2-150x150.jpg 150w, https:\/\/vesibella.com\/wp-content\/uploads\/2026\/02\/VYS1014KAHVERENGI2-100x100.jpg 100w\" sizes=\"(max-width: 300px) 100vw, 300px\" \/><h2 class=\"woocommerce-loop-product__title\">ALEX KOYUKAHVE ERKEK DER\u0130 CEKET<\/h2>\n\t<span class=\"price\"><span class=\"woocommerce-Price-amount amount\"><bdi><span class=\"woocommerce-Price-currencySymbol\">&#8378;<\/span>6.500,00<\/bdi><\/span><\/span>\n<\/a><a href=\"https:\/\/vesibella.com\/?product=sota-koyukahve-erkek-deri-ceket\" aria-describedby=\"woocommerce_loop_add_to_cart_link_describedby_3583\" data-quantity=\"1\" class=\"button product_type_variable add_to_cart_button\" data-product_id=\"3583\" data-product_sku=\"VYS1011004\" aria-label=\"&ldquo;ALEX KOYUKAHVE ERKEK DER\u0130 CEKET&rdquo; i\u00e7in se\u00e7enekleri se\u00e7in\" rel=\"nofollow\">Se\u00e7enekler<\/a>\t<span id=\"woocommerce_loop_add_to_cart_link_describedby_3583\" class=\"screen-reader-text\">\n\t\tBu \u00fcr\u00fcn\u00fcn birden fazla varyasyonu var. Se\u00e7enekler \u00fcr\u00fcn sayfas\u0131ndan se\u00e7ilebilir\t<\/span>\n<\/li>\n<li class=\"product type-product post-3570 status-publish instock product_cat-erkek product_cat-erkek-ceket product_cat-tum-urunler has-post-thumbnail taxable shipping-taxable purchasable product-type-variable\">\n\t<a href=\"https:\/\/vesibella.com\/?product=sota-siyah-erkek-deri-ceket\" class=\"woocommerce-LoopProduct-link woocommerce-loop-product__link\"><img decoding=\"async\" width=\"300\" height=\"300\" src=\"https:\/\/vesibella.com\/wp-content\/uploads\/2026\/02\/VYS1014-1-300x300.png\" class=\"attachment-woocommerce_thumbnail size-woocommerce_thumbnail\" alt=\"ALEX S\u0130YAH ERKEK DER\u0130 CEKET\" srcset=\"https:\/\/vesibella.com\/wp-content\/uploads\/2026\/02\/VYS1014-1-300x300.png 300w, https:\/\/vesibella.com\/wp-content\/uploads\/2026\/02\/VYS1014-1-150x150.png 150w, https:\/\/vesibella.com\/wp-content\/uploads\/2026\/02\/VYS1014-1-100x100.png 100w\" sizes=\"(max-width: 300px) 100vw, 300px\" \/><h2 class=\"woocommerce-loop-product__title\">ALEX S\u0130YAH ERKEK DER\u0130 CEKET<\/h2>\n\t<span class=\"price\"><span class=\"woocommerce-Price-amount amount\"><bdi><span class=\"woocommerce-Price-currencySymbol\">&#8378;<\/span>6.500,00<\/bdi><\/span><\/span>\n<\/a><a href=\"https:\/\/vesibella.com\/?product=sota-siyah-erkek-deri-ceket\" aria-describedby=\"woocommerce_loop_add_to_cart_link_describedby_3570\" data-quantity=\"1\" class=\"button product_type_variable add_to_cart_button\" data-product_id=\"3570\" data-product_sku=\"\" aria-label=\"&ldquo;ALEX S\u0130YAH ERKEK DER\u0130 CEKET&rdquo; i\u00e7in se\u00e7enekleri se\u00e7in\" rel=\"nofollow\">Se\u00e7enekler<\/a>\t<span id=\"woocommerce_loop_add_to_cart_link_describedby_3570\" class=\"screen-reader-text\">\n\t\tBu \u00fcr\u00fcn\u00fcn birden fazla varyasyonu var. Se\u00e7enekler \u00fcr\u00fcn sayfas\u0131ndan se\u00e7ilebilir\t<\/span>\n<\/li>\n<li class=\"product type-product post-3601 status-publish instock product_cat-kadin product_cat-kadin-ceket product_cat-tum-urunler has-post-thumbnail taxable shipping-taxable purchasable product-type-variable\">\n\t<a href=\"https:\/\/vesibella.com\/?product=angela-bej-kadin-deri-ceket\" class=\"woocommerce-LoopProduct-link woocommerce-loop-product__link\"><img loading=\"lazy\" decoding=\"async\" width=\"300\" height=\"300\" src=\"https:\/\/vesibella.com\/wp-content\/uploads\/2026\/02\/Gemini_Generated_Image_hsxx1bhsxx1bhsxx-300x300.png\" class=\"attachment-woocommerce_thumbnail size-woocommerce_thumbnail\" alt=\"ANGELA BEJ KADIN DER\u0130 CEKET\" srcset=\"https:\/\/vesibella.com\/wp-content\/uploads\/2026\/02\/Gemini_Generated_Image_hsxx1bhsxx1bhsxx-300x300.png 300w, https:\/\/vesibella.com\/wp-content\/uploads\/2026\/02\/Gemini_Generated_Image_hsxx1bhsxx1bhsxx-150x150.png 150w, https:\/\/vesibella.com\/wp-content\/uploads\/2026\/02\/Gemini_Generated_Image_hsxx1bhsxx1bhsxx-100x100.png 100w\" sizes=\"(max-width: 300px) 100vw, 300px\" \/><h2 class=\"woocommerce-loop-product__title\">ANGELA BEJ KADIN DER\u0130 CEKET<\/h2>\n\t<span class=\"price\"><span class=\"woocommerce-Price-amount amount\"><bdi><span class=\"woocommerce-Price-currencySymbol\">&#8378;<\/span>7.000,00<\/bdi><\/span><\/span>\n<\/a><a href=\"https:\/\/vesibella.com\/?product=angela-bej-kadin-deri-ceket\" aria-describedby=\"woocommerce_loop_add_to_cart_link_describedby_3601\" data-quantity=\"1\" class=\"button product_type_variable add_to_cart_button\" data-product_id=\"3601\" data-product_sku=\"\" aria-label=\"&ldquo;ANGELA BEJ KADIN DER\u0130 CEKET&rdquo; i\u00e7in se\u00e7enekleri se\u00e7in\" rel=\"nofollow\">Se\u00e7enekler<\/a>\t<span id=\"woocommerce_loop_add_to_cart_link_describedby_3601\" class=\"screen-reader-text\">\n\t\tBu \u00fcr\u00fcn\u00fcn birden fazla varyasyonu var. Se\u00e7enekler \u00fcr\u00fcn sayfas\u0131ndan se\u00e7ilebilir\t<\/span>\n<\/li>\n<li class=\"product type-product post-3616 status-publish last instock product_cat-kadin product_cat-kadin-ceket product_cat-tum-urunler has-post-thumbnail taxable shipping-taxable purchasable product-type-variable\">\n\t<a href=\"https:\/\/vesibella.com\/?product=angela-koyukahve-kadin-deri-ceket\" class=\"woocommerce-LoopProduct-link woocommerce-loop-product__link\"><img loading=\"lazy\" decoding=\"async\" width=\"300\" height=\"300\" src=\"https:\/\/vesibella.com\/wp-content\/uploads\/2026\/02\/ChatGPT-Image-11-Sub-2026-22_05_53-300x300.png\" class=\"attachment-woocommerce_thumbnail size-woocommerce_thumbnail\" alt=\"ANGELA KOYUKAHVE KADIN DER\u0130 CEKET\" srcset=\"https:\/\/vesibella.com\/wp-content\/uploads\/2026\/02\/ChatGPT-Image-11-Sub-2026-22_05_53-300x300.png 300w, https:\/\/vesibella.com\/wp-content\/uploads\/2026\/02\/ChatGPT-Image-11-Sub-2026-22_05_53-150x150.png 150w, https:\/\/vesibella.com\/wp-content\/uploads\/2026\/02\/ChatGPT-Image-11-Sub-2026-22_05_53-100x100.png 100w\" sizes=\"(max-width: 300px) 100vw, 300px\" \/><h2 class=\"woocommerce-loop-product__title\">ANGELA KOYUKAHVE KADIN DER\u0130 CEKET<\/h2>\n\t<span class=\"price\"><span class=\"woocommerce-Price-amount amount\"><bdi><span class=\"woocommerce-Price-currencySymbol\">&#8378;<\/span>6.500,00<\/bdi><\/span><\/span>\n<\/a><a href=\"https:\/\/vesibella.com\/?product=angela-koyukahve-kadin-deri-ceket\" aria-describedby=\"woocommerce_loop_add_to_cart_link_describedby_3616\" data-quantity=\"1\" class=\"button product_type_variable add_to_cart_button\" data-product_id=\"3616\" data-product_sku=\"\" aria-label=\"&ldquo;ANGELA KOYUKAHVE KADIN DER\u0130 CEKET&rdquo; i\u00e7in se\u00e7enekleri se\u00e7in\" rel=\"nofollow\">Se\u00e7enekler<\/a>\t<span id=\"woocommerce_loop_add_to_cart_link_describedby_3616\" class=\"screen-reader-text\">\n\t\tBu \u00fcr\u00fcn\u00fcn birden fazla varyasyonu var. Se\u00e7enekler \u00fcr\u00fcn sayfas\u0131ndan se\u00e7ilebilir\t<\/span>\n<\/li>\n<\/ul>\n<\/div><\/div>\n\t\t\t\t\t\t<\/div>\n\t\t\t\t\t<\/div>\n\t\t\t\t<\/div>\n\t\t\t\t<\/div>\n\t\t","protected":false},"excerpt":{"rendered":"<p>\u0130LET\u0130\u015e\u0130M Bizimle \u0130leti\u015fime Ge\u00e7iniz.. Please enable JavaScript in your browser to complete this form.Please enable JavaScript in your browser to complete this form.Name *Phone *Email Address *Your Message * Send Message Check out latest products YEN\u0130 GELENLER T\u00dcM\u00dcN\u00dc G\u00d6R<\/p>\n","protected":false},"author":1,"featured_media":0,"parent":0,"menu_order":0,"comment_status":"closed","ping_status":"closed","template":"","meta":{"_kadence_starter_templates_imported_post":false,"footnotes":""},"class_list":["post-3410","page","type-page","status-publish","hentry"],"blocksy_meta":{"has_hero_section":"disabled","vertical_spacing_source":"custom","content_area_spacing":"none","styles_descriptor":{"styles":{"desktop":"","tablet":"","mobile":""},"google_fonts":[],"version":6}},"jetpack_sharing_enabled":true,"_links":{"self":[{"href":"https:\/\/vesibella.com\/index.php?rest_route=\/wp\/v2\/pages\/3410","targetHints":{"allow":["GET"]}}],"collection":[{"href":"https:\/\/vesibella.com\/index.php?rest_route=\/wp\/v2\/pages"}],"about":[{"href":"https:\/\/vesibella.com\/index.php?rest_route=\/wp\/v2\/types\/page"}],"author":[{"embeddable":true,"href":"https:\/\/vesibella.com\/index.php?rest_route=\/wp\/v2\/users\/1"}],"replies":[{"embeddable":true,"href":"https:\/\/vesibella.com\/index.php?rest_route=%2Fwp%2Fv2%2Fcomments&post=3410"}],"version-history":[{"count":4,"href":"https:\/\/vesibella.com\/index.php?rest_route=\/wp\/v2\/pages\/3410\/revisions"}],"predecessor-version":[{"id":3482,"href":"https:\/\/vesibella.com\/index.php?rest_route=\/wp\/v2\/pages\/3410\/revisions\/3482"}],"wp:attachment":[{"href":"https:\/\/vesibella.com\/index.php?rest_route=%2Fwp%2Fv2%2Fmedia&parent=3410"}],"curies":[{"name":"wp","href":"https:\/\/api.w.org\/{rel}","templated":true}]}}