{"id":3456,"date":"2026-02-04T17:04:54","date_gmt":"2026-02-04T17:04:54","guid":{"rendered":"https:\/\/vesibella.com\/?page_id=3456"},"modified":"2026-02-04T17:08:24","modified_gmt":"2026-02-04T17:08:24","slug":"iade-ve-degisim-politikasi","status":"publish","type":"page","link":"https:\/\/vesibella.com\/?page_id=3456","title":{"rendered":"\u0130ade Ve De\u011fi\u015fim Politikas\u0131"},"content":{"rendered":"\t\t<div data-elementor-type=\"wp-page\" data-elementor-id=\"3456\" class=\"elementor elementor-3456\" data-elementor-post-type=\"page\">\n\t\t\t\t<div class=\"elementor-element elementor-element-d52d5a2 e-flex e-con-boxed e-con e-parent\" data-id=\"d52d5a2\" data-element_type=\"container\" data-e-type=\"container\">\n\t\t\t\t\t<div class=\"e-con-inner\">\n\t\t\t\t<div class=\"elementor-element elementor-element-6ecbb47 elementor-widget elementor-widget-heading\" data-id=\"6ecbb47\" data-element_type=\"widget\" data-e-type=\"widget\" data-widget_type=\"heading.default\">\n\t\t\t\t\t<h2 class=\"elementor-heading-title elementor-size-default\"><font color=\"#000000\"><span>\u0130ADE VE DE\u011e\u0130\u015e\u0130M POL\u0130T\u0130KASI<\/span><\/font><\/h2>\t\t\t\t<\/div>\n\t\t\t\t<div class=\"elementor-element elementor-element-c394b95 elementor-widget elementor-widget-heading\" data-id=\"c394b95\" data-element_type=\"widget\" data-e-type=\"widget\" data-widget_type=\"heading.default\">\n\t\t\t\t\t<h6 class=\"elementor-heading-title elementor-size-default\"><br><br><p data-start=\"165\" data-end=\"340\" style=\"font-style: normal;white-space: normal\">Vesibella olarak m\u00fc\u015fteri memnuniyetini \u00f6n planda tutuyoruz. Sat\u0131n ald\u0131\u011f\u0131n\u0131z \u00fcr\u00fcnleri,&nbsp;<strong data-start=\"251\" data-end=\"295\">teslim tarihinden itibaren 14 g\u00fcn i\u00e7inde<\/strong>&nbsp;iade veya de\u011fi\u015fim talebi olu\u015fturabilirsiniz.<\/p><span data-start=\"342\" data-end=\"359\" style=\"white-space: normal\">\u0130ade \u015eartlar\u0131<\/span><ul data-start=\"360\" data-end=\"712\" style=\"font-style: normal;white-space: normal\"><li data-start=\"360\" data-end=\"470\"><p data-start=\"362\" data-end=\"470\">\u00dcr\u00fcnlerin&nbsp;<strong data-start=\"372\" data-end=\"389\">kullan\u0131lmam\u0131\u015f<\/strong>,&nbsp;<strong data-start=\"391\" data-end=\"418\">etiketleri \u00e7\u0131kar\u0131lmam\u0131\u015f<\/strong>&nbsp;ve&nbsp;<strong data-start=\"422\" data-end=\"446\">orijinal ambalaj\u0131nda<\/strong>&nbsp;olmas\u0131 gerekmektedir.<\/p><\/li><li data-start=\"471\" data-end=\"572\"><p data-start=\"473\" data-end=\"572\">Kullan\u0131lm\u0131\u015f, hasar g\u00f6rm\u00fc\u015f veya tekrar sat\u0131labilirli\u011fini kaybetmi\u015f \u00fcr\u00fcnlerin iadesi kabul edilmez.<\/p><\/li><li data-start=\"573\" data-end=\"712\"><p data-start=\"575\" data-end=\"712\">\u0130ade onay\u0131 verilen \u00fcr\u00fcnlerin bedeli, \u00fcr\u00fcn bize ula\u015ft\u0131ktan sonra&nbsp;<strong data-start=\"639\" data-end=\"662\">7\u201314 i\u015f g\u00fcn\u00fc i\u00e7inde<\/strong>&nbsp;\u00f6deme yapt\u0131\u011f\u0131n\u0131z y\u00f6ntemle taraf\u0131n\u0131za iade edilir.<\/p><\/li><\/ul><span data-start=\"714\" data-end=\"734\" style=\"white-space: normal\">De\u011fi\u015fim \u015eartlar\u0131<\/span><ul data-start=\"735\" data-end=\"854\" style=\"font-style: normal;white-space: normal\"><li data-start=\"735\" data-end=\"790\"><p data-start=\"737\" data-end=\"790\">De\u011fi\u015fim i\u015flemleri stok durumuna g\u00f6re yap\u0131lmaktad\u0131r.<\/p><\/li><li data-start=\"791\" data-end=\"854\"><p data-start=\"793\" data-end=\"854\">De\u011fi\u015fim talebi i\u00e7in bizimle ileti\u015fime ge\u00e7meniz gerekmektedir.<\/p><\/li><\/ul><span data-start=\"856\" data-end=\"865\" style=\"white-space: normal\">Kargo<\/span><ul data-start=\"866\" data-end=\"1038\" style=\"font-style: normal;white-space: normal\"><li data-start=\"866\" data-end=\"952\"><p data-start=\"868\" data-end=\"952\">\u0130ade ve de\u011fi\u015fimlerde kargo \u00fccreti, \u00fcr\u00fcn hatal\u0131 olmad\u0131\u011f\u0131 s\u00fcrece&nbsp;<strong data-start=\"931\" data-end=\"949\">al\u0131c\u0131ya aittir<\/strong>.<\/p><\/li><li data-start=\"953\" data-end=\"1038\"><p data-start=\"955\" data-end=\"1038\">Hatal\u0131 veya kusurlu \u00fcr\u00fcnlerde t\u00fcm kargo masraflar\u0131 Vesibella taraf\u0131ndan kar\u015f\u0131lan\u0131r.<\/p><\/li><\/ul><span style=\"font-family: inherit;font-size: inherit;font-weight: inherit;white-space: normal;letter-spacing: var(--theme-letter-spacing);text-transform: var(--theme-text-transform);text-align: var(--text-align)\">Detayl\u0131 bilgi ve talepleriniz i\u00e7in bizimle ileti\u015fime ge\u00e7ebilirsiniz.<\/span><\/h6>\t\t\t\t<\/div>\n\t\t\t\t\t<\/div>\n\t\t\t\t<\/div>\n\t\t<div class=\"elementor-element elementor-element-6941f59 e-flex e-con-boxed e-con e-parent\" data-id=\"6941f59\" data-element_type=\"container\" data-e-type=\"container\">\n\t\t\t\t\t<div class=\"e-con-inner\">\n\t\t\t\t\t<\/div>\n\t\t\t\t<\/div>\n\t\t\t\t<\/div>\n\t\t","protected":false},"excerpt":{"rendered":"<p>\u0130ADE VE DE\u011e\u0130\u015e\u0130M POL\u0130T\u0130KASI Vesibella olarak m\u00fc\u015fteri memnuniyetini \u00f6n planda tutuyoruz. Sat\u0131n ald\u0131\u011f\u0131n\u0131z \u00fcr\u00fcnleri,&nbsp;teslim tarihinden itibaren 14 g\u00fcn i\u00e7inde&nbsp;iade veya de\u011fi\u015fim talebi olu\u015fturabilirsiniz. \u0130ade \u015eartlar\u0131 \u00dcr\u00fcnlerin&nbsp;kullan\u0131lmam\u0131\u015f,&nbsp;etiketleri \u00e7\u0131kar\u0131lmam\u0131\u015f&nbsp;ve&nbsp;orijinal ambalaj\u0131nda&nbsp;olmas\u0131 gerekmektedir. Kullan\u0131lm\u0131\u015f, hasar g\u00f6rm\u00fc\u015f veya tekrar sat\u0131labilirli\u011fini kaybetmi\u015f \u00fcr\u00fcnlerin iadesi kabul edilmez. \u0130ade onay\u0131 verilen \u00fcr\u00fcnlerin bedeli, \u00fcr\u00fcn bize ula\u015ft\u0131ktan sonra&nbsp;7\u201314 i\u015f g\u00fcn\u00fc i\u00e7inde&nbsp;\u00f6deme yapt\u0131\u011f\u0131n\u0131z y\u00f6ntemle taraf\u0131n\u0131za [&hellip;]<\/p>\n","protected":false},"author":1,"featured_media":0,"parent":3410,"menu_order":0,"comment_status":"closed","ping_status":"closed","template":"","meta":{"_kadence_starter_templates_imported_post":false,"footnotes":""},"class_list":["post-3456","page","type-page","status-publish","hentry"],"blocksy_meta":[],"jetpack_sharing_enabled":true,"_links":{"self":[{"href":"https:\/\/vesibella.com\/index.php?rest_route=\/wp\/v2\/pages\/3456","targetHints":{"allow":["GET"]}}],"collection":[{"href":"https:\/\/vesibella.com\/index.php?rest_route=\/wp\/v2\/pages"}],"about":[{"href":"https:\/\/vesibella.com\/index.php?rest_route=\/wp\/v2\/types\/page"}],"author":[{"embeddable":true,"href":"https:\/\/vesibella.com\/index.php?rest_route=\/wp\/v2\/users\/1"}],"replies":[{"embeddable":true,"href":"https:\/\/vesibella.com\/index.php?rest_route=%2Fwp%2Fv2%2Fcomments&post=3456"}],"version-history":[{"count":4,"href":"https:\/\/vesibella.com\/index.php?rest_route=\/wp\/v2\/pages\/3456\/revisions"}],"predecessor-version":[{"id":3461,"href":"https:\/\/vesibella.com\/index.php?rest_route=\/wp\/v2\/pages\/3456\/revisions\/3461"}],"up":[{"embeddable":true,"href":"https:\/\/vesibella.com\/index.php?rest_route=\/wp\/v2\/pages\/3410"}],"wp:attachment":[{"href":"https:\/\/vesibella.com\/index.php?rest_route=%2Fwp%2Fv2%2Fmedia&parent=3456"}],"curies":[{"name":"wp","href":"https:\/\/api.w.org\/{rel}","templated":true}]}}