{"id":3570,"date":"2026-02-08T17:45:12","date_gmt":"2026-02-08T17:45:12","guid":{"rendered":"https:\/\/vesibella.com\/?post_type=product&#038;p=3570"},"modified":"2026-02-13T21:09:45","modified_gmt":"2026-02-13T21:09:45","slug":"sota-siyah-erkek-deri-ceket","status":"publish","type":"product","link":"https:\/\/vesibella.com\/?product=sota-siyah-erkek-deri-ceket","title":{"rendered":"ALEX S\u0130YAH ERKEK DER\u0130 CEKET"},"content":{"rendered":"<p>% 100 HAK\u0130K\u0130 DER\u0130 CEKET<\/p>\n<p>K\u0130\u015e\u0130YE \u00d6ZEL \u00dcRET\u0130M<\/p>\n<p>S\u0130PAR\u0130\u015e OLU\u015eTURURKEN SATICIYA NOT KISMINA \u00a0&#8211;BOY-K\u0130LO-KOL \u00d6L\u00c7\u00dcS\u00dc &#8212; \u0130LETMEY\u0130 UNUTMAYINIZ.<\/p>\n","protected":false},"excerpt":{"rendered":"<p>% 100 HAK\u0130K\u0130 DER\u0130 CEKET K\u0130\u015e\u0130YE \u00d6ZEL \u00dcRET\u0130M S\u0130PAR\u0130\u015e OLU\u015eTURURKEN SATICIYA NOT KISMINA \u00a0&#8211;BOY-K\u0130LO-KOL \u00d6L\u00c7\u00dcS\u00dc &#8212; \u0130LETMEY\u0130 UNUTMAYINIZ.<\/p>\n","protected":false},"featured_media":3442,"comment_status":"open","ping_status":"closed","template":"","meta":{"_kadence_starter_templates_imported_post":false},"product_brand":[36],"product_cat":[16,32,33],"product_tag":[],"class_list":{"0":"post-3570","1":"product","2":"type-product","3":"status-publish","4":"has-post-thumbnail","6":"product_brand-vesibella","7":"product_cat-tum-urunler","8":"product_cat-erkek","9":"product_cat-erkek-ceket","11":"first","12":"instock","13":"taxable","14":"shipping-taxable","15":"purchasable","16":"product-type-variable"},"jetpack_sharing_enabled":true,"_links":{"self":[{"href":"https:\/\/vesibella.com\/index.php?rest_route=\/wp\/v2\/product\/3570","targetHints":{"allow":["GET"]}}],"collection":[{"href":"https:\/\/vesibella.com\/index.php?rest_route=\/wp\/v2\/product"}],"about":[{"href":"https:\/\/vesibella.com\/index.php?rest_route=\/wp\/v2\/types\/product"}],"replies":[{"embeddable":true,"href":"https:\/\/vesibella.com\/index.php?rest_route=%2Fwp%2Fv2%2Fcomments&post=3570"}],"wp:featuredmedia":[{"embeddable":true,"href":"https:\/\/vesibella.com\/index.php?rest_route=\/wp\/v2\/media\/3442"}],"wp:attachment":[{"href":"https:\/\/vesibella.com\/index.php?rest_route=%2Fwp%2Fv2%2Fmedia&parent=3570"}],"wp:term":[{"taxonomy":"product_brand","embeddable":true,"href":"https:\/\/vesibella.com\/index.php?rest_route=%2Fwp%2Fv2%2Fproduct_brand&post=3570"},{"taxonomy":"product_cat","embeddable":true,"href":"https:\/\/vesibella.com\/index.php?rest_route=%2Fwp%2Fv2%2Fproduct_cat&post=3570"},{"taxonomy":"product_tag","embeddable":true,"href":"https:\/\/vesibella.com\/index.php?rest_route=%2Fwp%2Fv2%2Fproduct_tag&post=3570"}],"curies":[{"name":"wp","href":"https:\/\/api.w.org\/{rel}","templated":true}]}}