{"id":3616,"date":"2026-02-11T19:06:44","date_gmt":"2026-02-11T19:06:44","guid":{"rendered":"https:\/\/vesibella.com\/?post_type=product&#038;p=3616"},"modified":"2026-02-12T12:22:13","modified_gmt":"2026-02-12T12:22:13","slug":"angela-koyukahve-kadin-deri-ceket","status":"publish","type":"product","link":"https:\/\/vesibella.com\/?product=angela-koyukahve-kadin-deri-ceket","title":{"rendered":"ANGELA KOYUKAHVE KADIN DER\u0130 CEKET"},"content":{"rendered":"<div id=\"product-3562\" class=\"product type-product post-3562 status-publish first instock product_cat-erkek product_cat-erkek-ceket product_cat-tum-urunler has-post-thumbnail taxable shipping-taxable purchasable product-type-variable ct-default-gallery ct-ajax-add-to-cart thumbs-bottom sticky-gallery sticky-summary\">\n<div class=\"woocommerce-tabs wc-tabs-wrapper\" data-type=\"type-1:center\">\n<article>\n<div id=\"tab-description\" class=\"woocommerce-Tabs-panel woocommerce-Tabs-panel--description panel entry-content wc-tab is-layout-constrained\" role=\"tabpanel\" aria-labelledby=\"tab-title-description\">\n<p>% 100 HAK\u0130K\u0130 DER\u0130 CEKET<\/p>\n<p>K\u0130\u015e\u0130YE \u00d6ZEL \u00dcRET\u0130M<\/p>\n<p>S\u0130PAR\u0130\u015e OLU\u015eTURURKEN SATICIYA NOT KISMINA \u00a0\u2013BOY-K\u0130LO-KOL \u00d6L\u00c7\u00dcS\u00dc \u2014 \u0130LETMEY\u0130 UNUTMAYINIZ.<\/p>\n<\/div>\n<\/article>\n<\/div>\n<\/div>\n","protected":false},"excerpt":{"rendered":"<p>% 100 HAK\u0130K\u0130 DER\u0130 CEKET K\u0130\u015e\u0130YE \u00d6ZEL \u00dcRET\u0130M S\u0130PAR\u0130\u015e OLU\u015eTURURKEN SATICIYA NOT KISMINA \u00a0\u2013BOY-K\u0130LO-KOL \u00d6L\u00c7\u00dcS\u00dc \u2014 \u0130LETMEY\u0130 UNUTMAYINIZ.<\/p>\n","protected":false},"featured_media":3623,"comment_status":"open","ping_status":"closed","template":"","meta":{"_kadence_starter_templates_imported_post":false},"product_brand":[36],"product_cat":[16,34,35],"product_tag":[],"class_list":{"0":"post-3616","1":"product","2":"type-product","3":"status-publish","4":"has-post-thumbnail","6":"product_brand-vesibella","7":"product_cat-tum-urunler","8":"product_cat-kadin","9":"product_cat-kadin-ceket","11":"first","12":"instock","13":"taxable","14":"shipping-taxable","15":"purchasable","16":"product-type-variable"},"jetpack_sharing_enabled":true,"_links":{"self":[{"href":"https:\/\/vesibella.com\/index.php?rest_route=\/wp\/v2\/product\/3616","targetHints":{"allow":["GET"]}}],"collection":[{"href":"https:\/\/vesibella.com\/index.php?rest_route=\/wp\/v2\/product"}],"about":[{"href":"https:\/\/vesibella.com\/index.php?rest_route=\/wp\/v2\/types\/product"}],"replies":[{"embeddable":true,"href":"https:\/\/vesibella.com\/index.php?rest_route=%2Fwp%2Fv2%2Fcomments&post=3616"}],"wp:featuredmedia":[{"embeddable":true,"href":"https:\/\/vesibella.com\/index.php?rest_route=\/wp\/v2\/media\/3623"}],"wp:attachment":[{"href":"https:\/\/vesibella.com\/index.php?rest_route=%2Fwp%2Fv2%2Fmedia&parent=3616"}],"wp:term":[{"taxonomy":"product_brand","embeddable":true,"href":"https:\/\/vesibella.com\/index.php?rest_route=%2Fwp%2Fv2%2Fproduct_brand&post=3616"},{"taxonomy":"product_cat","embeddable":true,"href":"https:\/\/vesibella.com\/index.php?rest_route=%2Fwp%2Fv2%2Fproduct_cat&post=3616"},{"taxonomy":"product_tag","embeddable":true,"href":"https:\/\/vesibella.com\/index.php?rest_route=%2Fwp%2Fv2%2Fproduct_tag&post=3616"}],"curies":[{"name":"wp","href":"https:\/\/api.w.org\/{rel}","templated":true}]}}